{"id":5,"date":"2020-06-05T19:07:33","date_gmt":"2020-06-05T19:07:33","guid":{"rendered":"http:\/\/marc-graf.de\/?page_id=5"},"modified":"2022-09-08T21:00:44","modified_gmt":"2022-09-08T21:00:44","slug":"startseite","status":"publish","type":"page","link":"https:\/\/marc-graf.de\/","title":{"rendered":"Marc Graf"},"content":{"rendered":"\n<div class=\"wp-block-columns is-layout-flex wp-container-core-columns-is-layout-9d6595d7 wp-block-columns-is-layout-flex\">\n<div class=\"wp-block-column is-vertically-aligned-center is-layout-flow wp-block-column-is-layout-flow\">\n<div class=\"wp-block-group alignwide\"><div class=\"wp-block-group__inner-container is-layout-flow wp-block-group-is-layout-flow\"><div class=\"wp-block-image\">\n<figure class=\"aligncenter is-resized\"><img loading=\"lazy\" decoding=\"async\" src=\"https:\/\/marc-graf.de\/wp-content\/uploads\/2020\/06\/logo_normal.png\" alt=\"\" class=\"wp-image-10\" width=\"321\" height=\"61\" srcset=\"https:\/\/marc-graf.de\/wp-content\/uploads\/2020\/06\/logo_normal.png 547w, https:\/\/marc-graf.de\/wp-content\/uploads\/2020\/06\/logo_normal-300x58.png 300w\" sizes=\"auto, (max-width: 321px) 100vw, 321px\" \/><\/figure>\n<\/div>\n\n\n<p>Elektrokonstruktion <br>Maschinensicherheit<br>Beckhoff TwinSafe<br>Externer CE Koordinator<\/p>\n\n\n\n<p><a href=\"mailto:m.graf@graf-eas.de\"><strong>Kontakt<\/strong><\/a><\/p>\n<\/div><\/div>\n\n\n\n<p><\/p>\n<\/div>\n\n\n\n<div class=\"wp-block-column is-vertically-aligned-center is-layout-flow wp-block-column-is-layout-flow\"><div class=\"wp-block-image\">\n<figure class=\"aligncenter is-resized\"><img loading=\"lazy\" decoding=\"async\" src=\"https:\/\/marc-graf.de\/wp-content\/uploads\/2020\/06\/logo_smarthomekonzepte_quer.png\" alt=\"\" class=\"wp-image-11\" width=\"226\" height=\"42\"\/><\/figure>\n<\/div>\n\n\n<p>Geb\u00e4udesystemtechnik<br>f\u00fcr Einfamilienh\u00e4user (&#8222;SmartHome&#8220;)<br>KNX Systemintegrator<br>Installationsverteiler<\/p>\n\n\n\n<p><a href=\"mailto:m.graf@smarthome-konzepte.de\"><strong>Kontakt<\/strong><\/a><\/p>\n<\/div>\n\n\n\n<div class=\"wp-block-column is-layout-flow wp-block-column-is-layout-flow\">\n<figure class=\"wp-block-image size-large\"><img loading=\"lazy\" decoding=\"async\" width=\"419\" height=\"105\" src=\"https:\/\/marc-graf.de\/wp-content\/uploads\/2020\/07\/Logo_Normal.png\" alt=\"\" class=\"wp-image-61\" srcset=\"https:\/\/marc-graf.de\/wp-content\/uploads\/2020\/07\/Logo_Normal.png 419w, https:\/\/marc-graf.de\/wp-content\/uploads\/2020\/07\/Logo_Normal-300x75.png 300w\" sizes=\"auto, (max-width: 419px) 100vw, 419px\" \/><\/figure>\n\n\n\n<p>Bau von Installationsverteilern und Z\u00e4hlerschr\u00e4nken<br>Bau von Prototypen und Kleinserien <\/p>\n\n\n\n<p><a href=\"mailto:m.graf@smarthome-konzepte.de\"><strong>Kontakt<\/strong><\/a><\/p>\n<\/div>\n<\/div>\n\n\n\n<p><\/p>\n","protected":false},"excerpt":{"rendered":"<p>Elektrokonstruktion MaschinensicherheitBeckhoff TwinSafeExterner CE Koordinator Kontakt Geb\u00e4udesystemtechnikf\u00fcr Einfamilienh\u00e4user (&#8222;SmartHome&#8220;)KNX SystemintegratorInstallationsverteiler Kontakt Bau von Installationsverteilern und Z\u00e4hlerschr\u00e4nkenBau von Prototypen und Kleinserien Kontakt<\/p>\n","protected":false},"author":1,"featured_media":0,"parent":0,"menu_order":0,"comment_status":"closed","ping_status":"closed","template":"page-templates\/page_front-page.php","meta":{"footnotes":""},"class_list":["post-5","page","type-page","status-publish","hentry"],"yoast_head":"<!-- This site is optimized with the Yoast SEO plugin v27.5 - https:\/\/yoast.com\/product\/yoast-seo-wordpress\/ -->\n<title>Marc Graf - Marc Graf<\/title>\n<meta name=\"robots\" content=\"index, follow, max-snippet:-1, max-image-preview:large, max-video-preview:-1\" \/>\n<link rel=\"canonical\" href=\"https:\/\/marc-graf.de\/\" \/>\n<meta property=\"og:locale\" content=\"de_DE\" \/>\n<meta property=\"og:type\" content=\"article\" \/>\n<meta property=\"og:title\" content=\"Marc Graf - Marc Graf\" \/>\n<meta property=\"og:description\" content=\"Elektrokonstruktion MaschinensicherheitBeckhoff TwinSafeExterner CE Koordinator Kontakt Geb\u00e4udesystemtechnikf\u00fcr Einfamilienh\u00e4user (&#8222;SmartHome&#8220;)KNX SystemintegratorInstallationsverteiler Kontakt Bau von Installationsverteilern und Z\u00e4hlerschr\u00e4nkenBau von Prototypen und Kleinserien Kontakt\" \/>\n<meta property=\"og:url\" content=\"https:\/\/marc-graf.de\/\" \/>\n<meta property=\"og:site_name\" content=\"Marc Graf\" \/>\n<meta property=\"article:publisher\" content=\"https:\/\/www.facebook.com\/SmartHomeKonzepte\" \/>\n<meta property=\"article:modified_time\" content=\"2022-09-08T21:00:44+00:00\" \/>\n<meta property=\"og:image\" content=\"http:\/\/marc-graf.de\/wp-content\/uploads\/2020\/06\/logo_normal.png\" \/>\n<meta name=\"twitter:card\" content=\"summary_large_image\" \/>\n<script type=\"application\/ld+json\" class=\"yoast-schema-graph\">{\"@context\":\"https:\\\/\\\/schema.org\",\"@graph\":[{\"@type\":\"WebPage\",\"@id\":\"https:\\\/\\\/marc-graf.de\\\/\",\"url\":\"https:\\\/\\\/marc-graf.de\\\/\",\"name\":\"Marc Graf - Marc Graf\",\"isPartOf\":{\"@id\":\"https:\\\/\\\/marc-graf.de\\\/#website\"},\"primaryImageOfPage\":{\"@id\":\"https:\\\/\\\/marc-graf.de\\\/#primaryimage\"},\"image\":{\"@id\":\"https:\\\/\\\/marc-graf.de\\\/#primaryimage\"},\"thumbnailUrl\":\"http:\\\/\\\/marc-graf.de\\\/wp-content\\\/uploads\\\/2020\\\/06\\\/logo_normal.png\",\"datePublished\":\"2020-06-05T19:07:33+00:00\",\"dateModified\":\"2022-09-08T21:00:44+00:00\",\"breadcrumb\":{\"@id\":\"https:\\\/\\\/marc-graf.de\\\/#breadcrumb\"},\"inLanguage\":\"de\",\"potentialAction\":[{\"@type\":\"ReadAction\",\"target\":[\"https:\\\/\\\/marc-graf.de\\\/\"]}]},{\"@type\":\"ImageObject\",\"inLanguage\":\"de\",\"@id\":\"https:\\\/\\\/marc-graf.de\\\/#primaryimage\",\"url\":\"http:\\\/\\\/marc-graf.de\\\/wp-content\\\/uploads\\\/2020\\\/06\\\/logo_normal.png\",\"contentUrl\":\"http:\\\/\\\/marc-graf.de\\\/wp-content\\\/uploads\\\/2020\\\/06\\\/logo_normal.png\"},{\"@type\":\"BreadcrumbList\",\"@id\":\"https:\\\/\\\/marc-graf.de\\\/#breadcrumb\",\"itemListElement\":[{\"@type\":\"ListItem\",\"position\":1,\"name\":\"Startseite\",\"item\":\"https:\\\/\\\/marc-graf.de\\\/\"},{\"@type\":\"ListItem\",\"position\":2,\"name\":\"Marc Graf\"}]},{\"@type\":\"WebSite\",\"@id\":\"https:\\\/\\\/marc-graf.de\\\/#website\",\"url\":\"https:\\\/\\\/marc-graf.de\\\/\",\"name\":\"Marc Graf\",\"description\":\"Smarter Buildings. Smarter Living.\",\"publisher\":{\"@id\":\"https:\\\/\\\/marc-graf.de\\\/#organization\"},\"potentialAction\":[{\"@type\":\"SearchAction\",\"target\":{\"@type\":\"EntryPoint\",\"urlTemplate\":\"https:\\\/\\\/marc-graf.de\\\/?s={search_term_string}\"},\"query-input\":{\"@type\":\"PropertyValueSpecification\",\"valueRequired\":true,\"valueName\":\"search_term_string\"}}],\"inLanguage\":\"de\"},{\"@type\":\"Organization\",\"@id\":\"https:\\\/\\\/marc-graf.de\\\/#organization\",\"name\":\"Marc Graf\",\"url\":\"https:\\\/\\\/marc-graf.de\\\/\",\"logo\":{\"@type\":\"ImageObject\",\"inLanguage\":\"de\",\"@id\":\"https:\\\/\\\/marc-graf.de\\\/#\\\/schema\\\/logo\\\/image\\\/\",\"url\":\"https:\\\/\\\/marc-graf.de\\\/wp-content\\\/uploads\\\/2020\\\/06\\\/cropped-logo_smarthomekonzepte_quer.png\",\"contentUrl\":\"https:\\\/\\\/marc-graf.de\\\/wp-content\\\/uploads\\\/2020\\\/06\\\/cropped-logo_smarthomekonzepte_quer.png\",\"width\":932,\"height\":250,\"caption\":\"Marc Graf\"},\"image\":{\"@id\":\"https:\\\/\\\/marc-graf.de\\\/#\\\/schema\\\/logo\\\/image\\\/\"},\"sameAs\":[\"https:\\\/\\\/www.facebook.com\\\/SmartHomeKonzepte\",\"https:\\\/\\\/www.instagram.com\\\/smarthome_konzepte\\\/\"]}]}<\/script>\n<!-- \/ Yoast SEO plugin. -->","yoast_head_json":{"title":"Marc Graf - Marc Graf","robots":{"index":"index","follow":"follow","max-snippet":"max-snippet:-1","max-image-preview":"max-image-preview:large","max-video-preview":"max-video-preview:-1"},"canonical":"https:\/\/marc-graf.de\/","og_locale":"de_DE","og_type":"article","og_title":"Marc Graf - Marc Graf","og_description":"Elektrokonstruktion MaschinensicherheitBeckhoff TwinSafeExterner CE Koordinator Kontakt Geb\u00e4udesystemtechnikf\u00fcr Einfamilienh\u00e4user (&#8222;SmartHome&#8220;)KNX SystemintegratorInstallationsverteiler Kontakt Bau von Installationsverteilern und Z\u00e4hlerschr\u00e4nkenBau von Prototypen und Kleinserien Kontakt","og_url":"https:\/\/marc-graf.de\/","og_site_name":"Marc Graf","article_publisher":"https:\/\/www.facebook.com\/SmartHomeKonzepte","article_modified_time":"2022-09-08T21:00:44+00:00","og_image":[{"url":"http:\/\/marc-graf.de\/wp-content\/uploads\/2020\/06\/logo_normal.png","type":"","width":"","height":""}],"twitter_card":"summary_large_image","schema":{"@context":"https:\/\/schema.org","@graph":[{"@type":"WebPage","@id":"https:\/\/marc-graf.de\/","url":"https:\/\/marc-graf.de\/","name":"Marc Graf - Marc Graf","isPartOf":{"@id":"https:\/\/marc-graf.de\/#website"},"primaryImageOfPage":{"@id":"https:\/\/marc-graf.de\/#primaryimage"},"image":{"@id":"https:\/\/marc-graf.de\/#primaryimage"},"thumbnailUrl":"http:\/\/marc-graf.de\/wp-content\/uploads\/2020\/06\/logo_normal.png","datePublished":"2020-06-05T19:07:33+00:00","dateModified":"2022-09-08T21:00:44+00:00","breadcrumb":{"@id":"https:\/\/marc-graf.de\/#breadcrumb"},"inLanguage":"de","potentialAction":[{"@type":"ReadAction","target":["https:\/\/marc-graf.de\/"]}]},{"@type":"ImageObject","inLanguage":"de","@id":"https:\/\/marc-graf.de\/#primaryimage","url":"http:\/\/marc-graf.de\/wp-content\/uploads\/2020\/06\/logo_normal.png","contentUrl":"http:\/\/marc-graf.de\/wp-content\/uploads\/2020\/06\/logo_normal.png"},{"@type":"BreadcrumbList","@id":"https:\/\/marc-graf.de\/#breadcrumb","itemListElement":[{"@type":"ListItem","position":1,"name":"Startseite","item":"https:\/\/marc-graf.de\/"},{"@type":"ListItem","position":2,"name":"Marc Graf"}]},{"@type":"WebSite","@id":"https:\/\/marc-graf.de\/#website","url":"https:\/\/marc-graf.de\/","name":"Marc Graf","description":"Smarter Buildings. Smarter Living.","publisher":{"@id":"https:\/\/marc-graf.de\/#organization"},"potentialAction":[{"@type":"SearchAction","target":{"@type":"EntryPoint","urlTemplate":"https:\/\/marc-graf.de\/?s={search_term_string}"},"query-input":{"@type":"PropertyValueSpecification","valueRequired":true,"valueName":"search_term_string"}}],"inLanguage":"de"},{"@type":"Organization","@id":"https:\/\/marc-graf.de\/#organization","name":"Marc Graf","url":"https:\/\/marc-graf.de\/","logo":{"@type":"ImageObject","inLanguage":"de","@id":"https:\/\/marc-graf.de\/#\/schema\/logo\/image\/","url":"https:\/\/marc-graf.de\/wp-content\/uploads\/2020\/06\/cropped-logo_smarthomekonzepte_quer.png","contentUrl":"https:\/\/marc-graf.de\/wp-content\/uploads\/2020\/06\/cropped-logo_smarthomekonzepte_quer.png","width":932,"height":250,"caption":"Marc Graf"},"image":{"@id":"https:\/\/marc-graf.de\/#\/schema\/logo\/image\/"},"sameAs":["https:\/\/www.facebook.com\/SmartHomeKonzepte","https:\/\/www.instagram.com\/smarthome_konzepte\/"]}]}},"_links":{"self":[{"href":"https:\/\/marc-graf.de\/index.php?rest_route=\/wp\/v2\/pages\/5","targetHints":{"allow":["GET"]}}],"collection":[{"href":"https:\/\/marc-graf.de\/index.php?rest_route=\/wp\/v2\/pages"}],"about":[{"href":"https:\/\/marc-graf.de\/index.php?rest_route=\/wp\/v2\/types\/page"}],"author":[{"embeddable":true,"href":"https:\/\/marc-graf.de\/index.php?rest_route=\/wp\/v2\/users\/1"}],"replies":[{"embeddable":true,"href":"https:\/\/marc-graf.de\/index.php?rest_route=%2Fwp%2Fv2%2Fcomments&post=5"}],"version-history":[{"count":21,"href":"https:\/\/marc-graf.de\/index.php?rest_route=\/wp\/v2\/pages\/5\/revisions"}],"predecessor-version":[{"id":759,"href":"https:\/\/marc-graf.de\/index.php?rest_route=\/wp\/v2\/pages\/5\/revisions\/759"}],"wp:attachment":[{"href":"https:\/\/marc-graf.de\/index.php?rest_route=%2Fwp%2Fv2%2Fmedia&parent=5"}],"curies":[{"name":"wp","href":"https:\/\/api.w.org\/{rel}","templated":true}]}}