{"id":7,"date":"2020-06-05T19:07:33","date_gmt":"2020-06-05T19:07:33","guid":{"rendered":"http:\/\/marc-graf.de\/?page_id=7"},"modified":"2022-09-08T20:52:44","modified_gmt":"2022-09-08T20:52:44","slug":"ueber-2","status":"publish","type":"page","link":"https:\/\/marc-graf.de\/?page_id=7","title":{"rendered":"hallo."},"content":{"rendered":"\n<p>Ich hei\u00dfe Marc Graf und arbeite seit 2014 als Elektroingenieur im Maschinen- und Anlagenbau. Meine Basisqualifikationen habe ich in einem Bachelorstudium B.Eng. Elektro- und Informationstechnik und einem Masterstudium M.Sc. Anlagenbau erworben.<\/p>\n\n\n\n<h3 class=\"has-text-color wp-block-heading\" style=\"color:#0071a1\">Sie sind Kunde aus dem Maschinen- und Anlagenbau?<\/h3>\n\n\n\n<p>Gerne unterst\u00fctze ich Sie bei der Konstruktion der elektrotechnischen Anlage in Ihrem Projekt. Dabei arbeite ich derzeit mit EPlan P8, Zuken E3 und Smart Plant Instrumentation. Sie w\u00fcnschen sich Beratung im Bereich Maschinensicherheit oder ben\u00f6tigen einen externen CE Koordinator? Sprechen Sie mich an, gemeinsam finden wir eine L\u00f6sung.<\/p>\n\n\n\n<p>Idealerweise arbeite ich nach erfolgter Einarbeitung im eigenen B\u00fcro , es ist aber auch m\u00f6glich vor Ort zu sein.<\/p>\n\n\n\n<h3 class=\"has-text-color wp-block-heading\" style=\"color:#0071a1\">Sie sind Privatkunde, Architekt oder Bautr\u00e4ger?<\/h3>\n\n\n\n<p>Gemeinsam mit Ihnen plane ich Ihr SmartHome. Dabei bekommen Sie alles aus einer Hand: vom Raumbuch, \u00fcber die Planung der Elektrotechnik und der Fertigungspl\u00e4ne f\u00fcr den Installationsverteiler bis hin zur KNX Systemintegration, Netzwerktechnik und Multimedia. Gerne \u00fcbernehme ich auch die Lichtplanung.<\/p>\n\n\n\n<p>Sie w\u00fcnschen sich eine konventionelle Installation? Kein Problem, wir helfen Ihnen auch hier weiter.<\/p>\n\n\n\n<p>Ich unterst\u00fctze Sie nicht nur bei Neubauten: auch bei Altbauten, sehr kurzfristigen Projekten oder auch kleinen Anliegen m\u00f6chte ich Sie gerne unterst\u00fctzen.<\/p>\n\n\n\n<h3 class=\"has-text-color wp-block-heading\" style=\"color:#0071a1\">Sie ben\u00f6tigen einen Installationsverteiler und haben bereits Fertigungsunterlagen?<\/h3>\n\n\n\n<p>Sprechen Sie mich an!<\/p>\n","protected":false},"excerpt":{"rendered":"<p>Ich hei\u00dfe Marc Graf und arbeite seit 2014 als Elektroingenieur im Maschinen- und Anlagenbau. Meine Basisqualifikationen habe ich in einem Bachelorstudium B.Eng. Elektro- und Informationstechnik und einem Masterstudium M.Sc. Anlagenbau erworben. Sie sind Kunde aus dem Maschinen- und Anlagenbau? Gerne unterst\u00fctze ich Sie bei der Konstruktion der elektrotechnischen Anlage in Ihrem Projekt. Dabei arbeite ich &hellip; <\/p>\n<p class=\"link-more\"><a href=\"https:\/\/marc-graf.de\/?page_id=7\" class=\"more-link\"><span class=\"screen-reader-text\">\u201ehallo.\u201c <\/span>weiterlesen<\/a><\/p>\n","protected":false},"author":1,"featured_media":0,"parent":0,"menu_order":0,"comment_status":"closed","ping_status":"closed","template":"","meta":{"footnotes":""},"class_list":["post-7","page","type-page","status-publish","hentry"],"yoast_head":"<!-- This site is optimized with the Yoast SEO plugin v27.5 - https:\/\/yoast.com\/product\/yoast-seo-wordpress\/ -->\n<title>hallo. - Marc Graf<\/title>\n<meta name=\"robots\" content=\"index, follow, max-snippet:-1, max-image-preview:large, max-video-preview:-1\" \/>\n<link rel=\"canonical\" href=\"https:\/\/marc-graf.de\/?page_id=7\" \/>\n<meta property=\"og:locale\" content=\"de_DE\" \/>\n<meta property=\"og:type\" content=\"article\" \/>\n<meta property=\"og:title\" content=\"hallo. - Marc Graf\" \/>\n<meta property=\"og:description\" content=\"Ich hei\u00dfe Marc Graf und arbeite seit 2014 als Elektroingenieur im Maschinen- und Anlagenbau. Meine Basisqualifikationen habe ich in einem Bachelorstudium B.Eng. Elektro- und Informationstechnik und einem Masterstudium M.Sc. Anlagenbau erworben. Sie sind Kunde aus dem Maschinen- und Anlagenbau? Gerne unterst\u00fctze ich Sie bei der Konstruktion der elektrotechnischen Anlage in Ihrem Projekt. Dabei arbeite ich &hellip; \u201ehallo.\u201c weiterlesen\" \/>\n<meta property=\"og:url\" content=\"https:\/\/marc-graf.de\/?page_id=7\" \/>\n<meta property=\"og:site_name\" content=\"Marc Graf\" \/>\n<meta property=\"article:publisher\" content=\"https:\/\/www.facebook.com\/SmartHomeKonzepte\" \/>\n<meta property=\"article:modified_time\" content=\"2022-09-08T20:52:44+00:00\" \/>\n<meta name=\"twitter:card\" content=\"summary_large_image\" \/>\n<meta name=\"twitter:label1\" content=\"Gesch\u00e4tzte Lesezeit\" \/>\n\t<meta name=\"twitter:data1\" content=\"1\u00a0Minute\" \/>\n<script type=\"application\/ld+json\" class=\"yoast-schema-graph\">{\"@context\":\"https:\\\/\\\/schema.org\",\"@graph\":[{\"@type\":\"WebPage\",\"@id\":\"https:\\\/\\\/marc-graf.de\\\/?page_id=7\",\"url\":\"https:\\\/\\\/marc-graf.de\\\/?page_id=7\",\"name\":\"hallo. - Marc Graf\",\"isPartOf\":{\"@id\":\"https:\\\/\\\/marc-graf.de\\\/#website\"},\"datePublished\":\"2020-06-05T19:07:33+00:00\",\"dateModified\":\"2022-09-08T20:52:44+00:00\",\"breadcrumb\":{\"@id\":\"https:\\\/\\\/marc-graf.de\\\/?page_id=7#breadcrumb\"},\"inLanguage\":\"de\",\"potentialAction\":[{\"@type\":\"ReadAction\",\"target\":[\"https:\\\/\\\/marc-graf.de\\\/?page_id=7\"]}]},{\"@type\":\"BreadcrumbList\",\"@id\":\"https:\\\/\\\/marc-graf.de\\\/?page_id=7#breadcrumb\",\"itemListElement\":[{\"@type\":\"ListItem\",\"position\":1,\"name\":\"Startseite\",\"item\":\"https:\\\/\\\/marc-graf.de\\\/\"},{\"@type\":\"ListItem\",\"position\":2,\"name\":\"hallo.\"}]},{\"@type\":\"WebSite\",\"@id\":\"https:\\\/\\\/marc-graf.de\\\/#website\",\"url\":\"https:\\\/\\\/marc-graf.de\\\/\",\"name\":\"Marc Graf\",\"description\":\"Smarter Buildings. Smarter Living.\",\"publisher\":{\"@id\":\"https:\\\/\\\/marc-graf.de\\\/#organization\"},\"potentialAction\":[{\"@type\":\"SearchAction\",\"target\":{\"@type\":\"EntryPoint\",\"urlTemplate\":\"https:\\\/\\\/marc-graf.de\\\/?s={search_term_string}\"},\"query-input\":{\"@type\":\"PropertyValueSpecification\",\"valueRequired\":true,\"valueName\":\"search_term_string\"}}],\"inLanguage\":\"de\"},{\"@type\":\"Organization\",\"@id\":\"https:\\\/\\\/marc-graf.de\\\/#organization\",\"name\":\"Marc Graf\",\"url\":\"https:\\\/\\\/marc-graf.de\\\/\",\"logo\":{\"@type\":\"ImageObject\",\"inLanguage\":\"de\",\"@id\":\"https:\\\/\\\/marc-graf.de\\\/#\\\/schema\\\/logo\\\/image\\\/\",\"url\":\"https:\\\/\\\/marc-graf.de\\\/wp-content\\\/uploads\\\/2020\\\/06\\\/cropped-logo_smarthomekonzepte_quer.png\",\"contentUrl\":\"https:\\\/\\\/marc-graf.de\\\/wp-content\\\/uploads\\\/2020\\\/06\\\/cropped-logo_smarthomekonzepte_quer.png\",\"width\":932,\"height\":250,\"caption\":\"Marc Graf\"},\"image\":{\"@id\":\"https:\\\/\\\/marc-graf.de\\\/#\\\/schema\\\/logo\\\/image\\\/\"},\"sameAs\":[\"https:\\\/\\\/www.facebook.com\\\/SmartHomeKonzepte\",\"https:\\\/\\\/www.instagram.com\\\/smarthome_konzepte\\\/\"]}]}<\/script>\n<!-- \/ Yoast SEO plugin. -->","yoast_head_json":{"title":"hallo. - Marc Graf","robots":{"index":"index","follow":"follow","max-snippet":"max-snippet:-1","max-image-preview":"max-image-preview:large","max-video-preview":"max-video-preview:-1"},"canonical":"https:\/\/marc-graf.de\/?page_id=7","og_locale":"de_DE","og_type":"article","og_title":"hallo. - Marc Graf","og_description":"Ich hei\u00dfe Marc Graf und arbeite seit 2014 als Elektroingenieur im Maschinen- und Anlagenbau. Meine Basisqualifikationen habe ich in einem Bachelorstudium B.Eng. Elektro- und Informationstechnik und einem Masterstudium M.Sc. Anlagenbau erworben. Sie sind Kunde aus dem Maschinen- und Anlagenbau? Gerne unterst\u00fctze ich Sie bei der Konstruktion der elektrotechnischen Anlage in Ihrem Projekt. Dabei arbeite ich &hellip; \u201ehallo.\u201c weiterlesen","og_url":"https:\/\/marc-graf.de\/?page_id=7","og_site_name":"Marc Graf","article_publisher":"https:\/\/www.facebook.com\/SmartHomeKonzepte","article_modified_time":"2022-09-08T20:52:44+00:00","twitter_card":"summary_large_image","twitter_misc":{"Gesch\u00e4tzte Lesezeit":"1\u00a0Minute"},"schema":{"@context":"https:\/\/schema.org","@graph":[{"@type":"WebPage","@id":"https:\/\/marc-graf.de\/?page_id=7","url":"https:\/\/marc-graf.de\/?page_id=7","name":"hallo. - Marc Graf","isPartOf":{"@id":"https:\/\/marc-graf.de\/#website"},"datePublished":"2020-06-05T19:07:33+00:00","dateModified":"2022-09-08T20:52:44+00:00","breadcrumb":{"@id":"https:\/\/marc-graf.de\/?page_id=7#breadcrumb"},"inLanguage":"de","potentialAction":[{"@type":"ReadAction","target":["https:\/\/marc-graf.de\/?page_id=7"]}]},{"@type":"BreadcrumbList","@id":"https:\/\/marc-graf.de\/?page_id=7#breadcrumb","itemListElement":[{"@type":"ListItem","position":1,"name":"Startseite","item":"https:\/\/marc-graf.de\/"},{"@type":"ListItem","position":2,"name":"hallo."}]},{"@type":"WebSite","@id":"https:\/\/marc-graf.de\/#website","url":"https:\/\/marc-graf.de\/","name":"Marc Graf","description":"Smarter Buildings. Smarter Living.","publisher":{"@id":"https:\/\/marc-graf.de\/#organization"},"potentialAction":[{"@type":"SearchAction","target":{"@type":"EntryPoint","urlTemplate":"https:\/\/marc-graf.de\/?s={search_term_string}"},"query-input":{"@type":"PropertyValueSpecification","valueRequired":true,"valueName":"search_term_string"}}],"inLanguage":"de"},{"@type":"Organization","@id":"https:\/\/marc-graf.de\/#organization","name":"Marc Graf","url":"https:\/\/marc-graf.de\/","logo":{"@type":"ImageObject","inLanguage":"de","@id":"https:\/\/marc-graf.de\/#\/schema\/logo\/image\/","url":"https:\/\/marc-graf.de\/wp-content\/uploads\/2020\/06\/cropped-logo_smarthomekonzepte_quer.png","contentUrl":"https:\/\/marc-graf.de\/wp-content\/uploads\/2020\/06\/cropped-logo_smarthomekonzepte_quer.png","width":932,"height":250,"caption":"Marc Graf"},"image":{"@id":"https:\/\/marc-graf.de\/#\/schema\/logo\/image\/"},"sameAs":["https:\/\/www.facebook.com\/SmartHomeKonzepte","https:\/\/www.instagram.com\/smarthome_konzepte\/"]}]}},"_links":{"self":[{"href":"https:\/\/marc-graf.de\/index.php?rest_route=\/wp\/v2\/pages\/7","targetHints":{"allow":["GET"]}}],"collection":[{"href":"https:\/\/marc-graf.de\/index.php?rest_route=\/wp\/v2\/pages"}],"about":[{"href":"https:\/\/marc-graf.de\/index.php?rest_route=\/wp\/v2\/types\/page"}],"author":[{"embeddable":true,"href":"https:\/\/marc-graf.de\/index.php?rest_route=\/wp\/v2\/users\/1"}],"replies":[{"embeddable":true,"href":"https:\/\/marc-graf.de\/index.php?rest_route=%2Fwp%2Fv2%2Fcomments&post=7"}],"version-history":[{"count":7,"href":"https:\/\/marc-graf.de\/index.php?rest_route=\/wp\/v2\/pages\/7\/revisions"}],"predecessor-version":[{"id":68,"href":"https:\/\/marc-graf.de\/index.php?rest_route=\/wp\/v2\/pages\/7\/revisions\/68"}],"wp:attachment":[{"href":"https:\/\/marc-graf.de\/index.php?rest_route=%2Fwp%2Fv2%2Fmedia&parent=7"}],"curies":[{"name":"wp","href":"https:\/\/api.w.org\/{rel}","templated":true}]}}