{"id":8,"date":"2020-06-05T19:07:33","date_gmt":"2020-06-05T19:07:33","guid":{"rendered":"http:\/\/marc-graf.de\/?page_id=8"},"modified":"2022-09-08T20:52:44","modified_gmt":"2022-09-08T20:52:44","slug":"impressum","status":"publish","type":"page","link":"https:\/\/marc-graf.de\/?page_id=8","title":{"rendered":"Impressum"},"content":{"rendered":"\n<h1>Impressum<\/h1>\n<h2>Angaben gem\u00e4\u00df \u00a7 5 TMG<\/h2>\n<p>Marc Graf<br>\nIngenieurb\u00fcro Elektrotechnik<br>\nSchillerstra\u00dfe 15<br>\n63791 Karlstein<\/p>\n\n<h2>Kontakt<\/h2>\n<p>Telefon: +49 (0) 162 4312187<br>\nE-Mail: m.graf@marc-graf.de<\/p>\n\n<h2>Umsatzsteuer-ID<\/h2>\n<p>Umsatzsteuer-Identifikationsnummer gem\u00e4\u00df \u00a7 27 a Umsatzsteuergesetz:<br>\nDE330229429<\/p>\n\n<h2>Verbraucher\u00adstreit\u00adbeilegung\/Universal\u00adschlichtungs\u00adstelle<\/h2><p>Wir sind nicht bereit oder verpflichtet, an Streitbeilegungsverfahren vor einer Verbraucherschlichtungsstelle teilzunehmen.<\/p>\n\n<h3>Haftung f\u00fcr Inhalte<\/h3> <p>Als Diensteanbieter sind wir gem\u00e4\u00df \u00a7 7 Abs.1 TMG f\u00fcr eigene Inhalte auf diesen Seiten nach den allgemeinen Gesetzen verantwortlich. Nach \u00a7\u00a7 8 bis 10 TMG sind wir als Diensteanbieter jedoch nicht verpflichtet, \u00fcbermittelte oder gespeicherte fremde Informationen zu \u00fcberwachen oder nach Umst\u00e4nden zu forschen, die auf eine rechtswidrige T\u00e4tigkeit hinweisen.<\/p> <p>Verpflichtungen zur Entfernung oder Sperrung der Nutzung von Informationen nach den allgemeinen Gesetzen bleiben hiervon unber\u00fchrt. Eine diesbez\u00fcgliche Haftung ist jedoch erst ab dem Zeitpunkt der Kenntnis einer konkreten Rechtsverletzung m\u00f6glich. Bei Bekanntwerden von entsprechenden Rechtsverletzungen werden wir diese Inhalte umgehend entfernen.<\/p> <h3>Haftung f\u00fcr Links<\/h3> <p>Unser Angebot enth\u00e4lt Links zu externen Websites Dritter, auf deren Inhalte wir keinen Einfluss haben. Deshalb k\u00f6nnen wir f\u00fcr diese fremden Inhalte auch keine Gew\u00e4hr \u00fcbernehmen. F\u00fcr die Inhalte der verlinkten Seiten ist stets der jeweilige Anbieter oder Betreiber der Seiten verantwortlich. Die verlinkten Seiten wurden zum Zeitpunkt der Verlinkung auf m\u00f6gliche Rechtsverst\u00f6\u00dfe \u00fcberpr\u00fcft. Rechtswidrige Inhalte waren zum Zeitpunkt der Verlinkung nicht erkennbar.<\/p> <p>Eine permanente inhaltliche Kontrolle der verlinkten Seiten ist jedoch ohne konkrete Anhaltspunkte einer Rechtsverletzung nicht zumutbar. Bei Bekanntwerden von Rechtsverletzungen werden wir derartige Links umgehend entfernen.<\/p> <h3>Urheberrecht<\/h3> <p>Die durch die Seitenbetreiber erstellten Inhalte und Werke auf diesen Seiten unterliegen dem deutschen Urheberrecht. Die Vervielf\u00e4ltigung, Bearbeitung, Verbreitung und jede Art der Verwertung au\u00dferhalb der Grenzen des Urheberrechtes bed\u00fcrfen der schriftlichen Zustimmung des jeweiligen Autors bzw. Erstellers. Downloads und Kopien dieser Seite sind nur f\u00fcr den privaten, nicht kommerziellen Gebrauch gestattet.<\/p> <p>Soweit die Inhalte auf dieser Seite nicht vom Betreiber erstellt wurden, werden die Urheberrechte Dritter beachtet. Insbesondere werden Inhalte Dritter als solche gekennzeichnet. Sollten Sie trotzdem auf eine Urheberrechtsverletzung aufmerksam werden, bitten wir um einen entsprechenden Hinweis. Bei Bekanntwerden von Rechtsverletzungen werden wir derartige Inhalte umgehend entfernen.<\/p>\n\n<p>Quelle: <a href=\"https:\/\/www.e-recht24.de\">eRecht24<\/a><\/p>\n","protected":false},"excerpt":{"rendered":"<p>Impressum Angaben gem\u00e4\u00df \u00a7 5 TMG Marc Graf Ingenieurb\u00fcro Elektrotechnik Schillerstra\u00dfe 15 63791 Karlstein Kontakt Telefon: +49 (0) 162 4312187 E-Mail: m.graf@marc-graf.de Umsatzsteuer-ID Umsatzsteuer-Identifikationsnummer gem\u00e4\u00df \u00a7 27 a Umsatzsteuergesetz: DE330229429 Verbraucher\u00adstreit\u00adbeilegung\/Universal\u00adschlichtungs\u00adstelle Wir sind nicht bereit oder verpflichtet, an Streitbeilegungsverfahren vor einer Verbraucherschlichtungsstelle teilzunehmen. Haftung f\u00fcr Inhalte Als Diensteanbieter sind wir gem\u00e4\u00df \u00a7 7 Abs.1 TMG &hellip; <\/p>\n<p class=\"link-more\"><a href=\"https:\/\/marc-graf.de\/?page_id=8\" class=\"more-link\"><span class=\"screen-reader-text\">\u201eImpressum\u201c <\/span>weiterlesen<\/a><\/p>\n","protected":false},"author":1,"featured_media":0,"parent":0,"menu_order":0,"comment_status":"closed","ping_status":"closed","template":"","meta":{"footnotes":""},"class_list":["post-8","page","type-page","status-publish","hentry"],"yoast_head":"<!-- This site is optimized with the Yoast SEO plugin v27.5 - https:\/\/yoast.com\/product\/yoast-seo-wordpress\/ -->\n<title>Impressum - Marc Graf<\/title>\n<meta name=\"robots\" content=\"index, follow, max-snippet:-1, max-image-preview:large, max-video-preview:-1\" \/>\n<link rel=\"canonical\" href=\"https:\/\/marc-graf.de\/?page_id=8\" \/>\n<meta property=\"og:locale\" content=\"de_DE\" \/>\n<meta property=\"og:type\" content=\"article\" \/>\n<meta property=\"og:title\" content=\"Impressum - Marc Graf\" \/>\n<meta property=\"og:description\" content=\"Impressum Angaben gem\u00e4\u00df \u00a7 5 TMG Marc Graf Ingenieurb\u00fcro Elektrotechnik Schillerstra\u00dfe 15 63791 Karlstein Kontakt Telefon: +49 (0) 162 4312187 E-Mail: m.graf@marc-graf.de Umsatzsteuer-ID Umsatzsteuer-Identifikationsnummer gem\u00e4\u00df \u00a7 27 a Umsatzsteuergesetz: DE330229429 Verbraucher\u00adstreit\u00adbeilegung\/Universal\u00adschlichtungs\u00adstelle Wir sind nicht bereit oder verpflichtet, an Streitbeilegungsverfahren vor einer Verbraucherschlichtungsstelle teilzunehmen. Haftung f\u00fcr Inhalte Als Diensteanbieter sind wir gem\u00e4\u00df \u00a7 7 Abs.1 TMG &hellip; \u201eImpressum\u201c weiterlesen\" \/>\n<meta property=\"og:url\" content=\"https:\/\/marc-graf.de\/?page_id=8\" \/>\n<meta property=\"og:site_name\" content=\"Marc Graf\" \/>\n<meta property=\"article:publisher\" content=\"https:\/\/www.facebook.com\/SmartHomeKonzepte\" \/>\n<meta property=\"article:modified_time\" content=\"2022-09-08T20:52:44+00:00\" \/>\n<meta name=\"twitter:card\" content=\"summary_large_image\" \/>\n<meta name=\"twitter:label1\" content=\"Gesch\u00e4tzte Lesezeit\" \/>\n\t<meta name=\"twitter:data1\" content=\"2\u00a0Minuten\" \/>\n<script type=\"application\/ld+json\" class=\"yoast-schema-graph\">{\"@context\":\"https:\\\/\\\/schema.org\",\"@graph\":[{\"@type\":\"WebPage\",\"@id\":\"https:\\\/\\\/marc-graf.de\\\/?page_id=8\",\"url\":\"https:\\\/\\\/marc-graf.de\\\/?page_id=8\",\"name\":\"Impressum - Marc Graf\",\"isPartOf\":{\"@id\":\"https:\\\/\\\/marc-graf.de\\\/#website\"},\"datePublished\":\"2020-06-05T19:07:33+00:00\",\"dateModified\":\"2022-09-08T20:52:44+00:00\",\"breadcrumb\":{\"@id\":\"https:\\\/\\\/marc-graf.de\\\/?page_id=8#breadcrumb\"},\"inLanguage\":\"de\",\"potentialAction\":[{\"@type\":\"ReadAction\",\"target\":[\"https:\\\/\\\/marc-graf.de\\\/?page_id=8\"]}]},{\"@type\":\"BreadcrumbList\",\"@id\":\"https:\\\/\\\/marc-graf.de\\\/?page_id=8#breadcrumb\",\"itemListElement\":[{\"@type\":\"ListItem\",\"position\":1,\"name\":\"Startseite\",\"item\":\"https:\\\/\\\/marc-graf.de\\\/\"},{\"@type\":\"ListItem\",\"position\":2,\"name\":\"Impressum\"}]},{\"@type\":\"WebSite\",\"@id\":\"https:\\\/\\\/marc-graf.de\\\/#website\",\"url\":\"https:\\\/\\\/marc-graf.de\\\/\",\"name\":\"Marc Graf\",\"description\":\"Smarter Buildings. Smarter Living.\",\"publisher\":{\"@id\":\"https:\\\/\\\/marc-graf.de\\\/#organization\"},\"potentialAction\":[{\"@type\":\"SearchAction\",\"target\":{\"@type\":\"EntryPoint\",\"urlTemplate\":\"https:\\\/\\\/marc-graf.de\\\/?s={search_term_string}\"},\"query-input\":{\"@type\":\"PropertyValueSpecification\",\"valueRequired\":true,\"valueName\":\"search_term_string\"}}],\"inLanguage\":\"de\"},{\"@type\":\"Organization\",\"@id\":\"https:\\\/\\\/marc-graf.de\\\/#organization\",\"name\":\"Marc Graf\",\"url\":\"https:\\\/\\\/marc-graf.de\\\/\",\"logo\":{\"@type\":\"ImageObject\",\"inLanguage\":\"de\",\"@id\":\"https:\\\/\\\/marc-graf.de\\\/#\\\/schema\\\/logo\\\/image\\\/\",\"url\":\"https:\\\/\\\/marc-graf.de\\\/wp-content\\\/uploads\\\/2020\\\/06\\\/cropped-logo_smarthomekonzepte_quer.png\",\"contentUrl\":\"https:\\\/\\\/marc-graf.de\\\/wp-content\\\/uploads\\\/2020\\\/06\\\/cropped-logo_smarthomekonzepte_quer.png\",\"width\":932,\"height\":250,\"caption\":\"Marc Graf\"},\"image\":{\"@id\":\"https:\\\/\\\/marc-graf.de\\\/#\\\/schema\\\/logo\\\/image\\\/\"},\"sameAs\":[\"https:\\\/\\\/www.facebook.com\\\/SmartHomeKonzepte\",\"https:\\\/\\\/www.instagram.com\\\/smarthome_konzepte\\\/\"]}]}<\/script>\n<!-- \/ Yoast SEO plugin. -->","yoast_head_json":{"title":"Impressum - Marc Graf","robots":{"index":"index","follow":"follow","max-snippet":"max-snippet:-1","max-image-preview":"max-image-preview:large","max-video-preview":"max-video-preview:-1"},"canonical":"https:\/\/marc-graf.de\/?page_id=8","og_locale":"de_DE","og_type":"article","og_title":"Impressum - Marc Graf","og_description":"Impressum Angaben gem\u00e4\u00df \u00a7 5 TMG Marc Graf Ingenieurb\u00fcro Elektrotechnik Schillerstra\u00dfe 15 63791 Karlstein Kontakt Telefon: +49 (0) 162 4312187 E-Mail: m.graf@marc-graf.de Umsatzsteuer-ID Umsatzsteuer-Identifikationsnummer gem\u00e4\u00df \u00a7 27 a Umsatzsteuergesetz: DE330229429 Verbraucher\u00adstreit\u00adbeilegung\/Universal\u00adschlichtungs\u00adstelle Wir sind nicht bereit oder verpflichtet, an Streitbeilegungsverfahren vor einer Verbraucherschlichtungsstelle teilzunehmen. Haftung f\u00fcr Inhalte Als Diensteanbieter sind wir gem\u00e4\u00df \u00a7 7 Abs.1 TMG &hellip; \u201eImpressum\u201c weiterlesen","og_url":"https:\/\/marc-graf.de\/?page_id=8","og_site_name":"Marc Graf","article_publisher":"https:\/\/www.facebook.com\/SmartHomeKonzepte","article_modified_time":"2022-09-08T20:52:44+00:00","twitter_card":"summary_large_image","twitter_misc":{"Gesch\u00e4tzte Lesezeit":"2\u00a0Minuten"},"schema":{"@context":"https:\/\/schema.org","@graph":[{"@type":"WebPage","@id":"https:\/\/marc-graf.de\/?page_id=8","url":"https:\/\/marc-graf.de\/?page_id=8","name":"Impressum - Marc Graf","isPartOf":{"@id":"https:\/\/marc-graf.de\/#website"},"datePublished":"2020-06-05T19:07:33+00:00","dateModified":"2022-09-08T20:52:44+00:00","breadcrumb":{"@id":"https:\/\/marc-graf.de\/?page_id=8#breadcrumb"},"inLanguage":"de","potentialAction":[{"@type":"ReadAction","target":["https:\/\/marc-graf.de\/?page_id=8"]}]},{"@type":"BreadcrumbList","@id":"https:\/\/marc-graf.de\/?page_id=8#breadcrumb","itemListElement":[{"@type":"ListItem","position":1,"name":"Startseite","item":"https:\/\/marc-graf.de\/"},{"@type":"ListItem","position":2,"name":"Impressum"}]},{"@type":"WebSite","@id":"https:\/\/marc-graf.de\/#website","url":"https:\/\/marc-graf.de\/","name":"Marc Graf","description":"Smarter Buildings. Smarter Living.","publisher":{"@id":"https:\/\/marc-graf.de\/#organization"},"potentialAction":[{"@type":"SearchAction","target":{"@type":"EntryPoint","urlTemplate":"https:\/\/marc-graf.de\/?s={search_term_string}"},"query-input":{"@type":"PropertyValueSpecification","valueRequired":true,"valueName":"search_term_string"}}],"inLanguage":"de"},{"@type":"Organization","@id":"https:\/\/marc-graf.de\/#organization","name":"Marc Graf","url":"https:\/\/marc-graf.de\/","logo":{"@type":"ImageObject","inLanguage":"de","@id":"https:\/\/marc-graf.de\/#\/schema\/logo\/image\/","url":"https:\/\/marc-graf.de\/wp-content\/uploads\/2020\/06\/cropped-logo_smarthomekonzepte_quer.png","contentUrl":"https:\/\/marc-graf.de\/wp-content\/uploads\/2020\/06\/cropped-logo_smarthomekonzepte_quer.png","width":932,"height":250,"caption":"Marc Graf"},"image":{"@id":"https:\/\/marc-graf.de\/#\/schema\/logo\/image\/"},"sameAs":["https:\/\/www.facebook.com\/SmartHomeKonzepte","https:\/\/www.instagram.com\/smarthome_konzepte\/"]}]}},"_links":{"self":[{"href":"https:\/\/marc-graf.de\/index.php?rest_route=\/wp\/v2\/pages\/8","targetHints":{"allow":["GET"]}}],"collection":[{"href":"https:\/\/marc-graf.de\/index.php?rest_route=\/wp\/v2\/pages"}],"about":[{"href":"https:\/\/marc-graf.de\/index.php?rest_route=\/wp\/v2\/types\/page"}],"author":[{"embeddable":true,"href":"https:\/\/marc-graf.de\/index.php?rest_route=\/wp\/v2\/users\/1"}],"replies":[{"embeddable":true,"href":"https:\/\/marc-graf.de\/index.php?rest_route=%2Fwp%2Fv2%2Fcomments&post=8"}],"version-history":[{"count":6,"href":"https:\/\/marc-graf.de\/index.php?rest_route=\/wp\/v2\/pages\/8\/revisions"}],"predecessor-version":[{"id":80,"href":"https:\/\/marc-graf.de\/index.php?rest_route=\/wp\/v2\/pages\/8\/revisions\/80"}],"wp:attachment":[{"href":"https:\/\/marc-graf.de\/index.php?rest_route=%2Fwp%2Fv2%2Fmedia&parent=8"}],"curies":[{"name":"wp","href":"https:\/\/api.w.org\/{rel}","templated":true}]}}